{"id":240,"date":"2016-08-19T00:36:31","date_gmt":"2016-08-18T22:36:31","guid":{"rendered":"http:\/\/cyrille.largillier.org\/sitewp\/?page_id=240"},"modified":"2021-11-07T23:42:11","modified_gmt":"2021-11-07T22:42:11","slug":"a-propos","status":"publish","type":"page","link":"https:\/\/cyrille.largillier.org\/sitewp\/a-propos\/","title":{"rendered":"\u00c0 propos"},"content":{"rendered":"<p>Sauf mention contraire, les documents propos\u00e9s sur ce site sont sous licence libre (par d\u00e9faut la licence creative commons by-sa).<\/p>\n","protected":false},"excerpt":{"rendered":"<p>Sauf mention contraire, les documents propos\u00e9s sur ce site sont sous licence libre (par d\u00e9faut la licence creative commons by-sa).<\/p>\n","protected":false},"author":1,"featured_media":0,"parent":0,"menu_order":0,"comment_status":"closed","ping_status":"closed","template":"","meta":{"inline_featured_image":false,"footnotes":""},"class_list":["post-240","page","type-page","status-publish","hentry"],"_links":{"self":[{"href":"https:\/\/cyrille.largillier.org\/sitewp\/wp-json\/wp\/v2\/pages\/240","targetHints":{"allow":["GET"]}}],"collection":[{"href":"https:\/\/cyrille.largillier.org\/sitewp\/wp-json\/wp\/v2\/pages"}],"about":[{"href":"https:\/\/cyrille.largillier.org\/sitewp\/wp-json\/wp\/v2\/types\/page"}],"author":[{"embeddable":true,"href":"https:\/\/cyrille.largillier.org\/sitewp\/wp-json\/wp\/v2\/users\/1"}],"replies":[{"embeddable":true,"href":"https:\/\/cyrille.largillier.org\/sitewp\/wp-json\/wp\/v2\/comments?post=240"}],"version-history":[{"count":0,"href":"https:\/\/cyrille.largillier.org\/sitewp\/wp-json\/wp\/v2\/pages\/240\/revisions"}],"wp:attachment":[{"href":"https:\/\/cyrille.largillier.org\/sitewp\/wp-json\/wp\/v2\/media?parent=240"}],"curies":[{"name":"wp","href":"https:\/\/api.w.org\/{rel}","templated":true}]}}